{"id":10,"date":"2016-08-03T17:35:16","date_gmt":"2016-08-03T15:35:16","guid":{"rendered":"http:\/\/parafia-ostrorog.pl\/?page_id=10"},"modified":"2018-04-06T22:52:17","modified_gmt":"2018-04-06T20:52:17","slug":"historia-parafii","status":"publish","type":"page","link":"https:\/\/parafia-ostrorog.pl\/index.php\/informacje\/historia-parafii\/","title":{"rendered":"Historia parafii"},"content":{"rendered":"<p style=\"text-align: center;\">\n\t<span style=\"font-family:courier new,courier,monospace;\"><a href=\"https:\/\/parafia-ostrorog.pl\/index.php\/informacje\/historia-parafii\/\"><span style=\"color:#000000;\"><span style=\"font-size:16px;\"><strong>KO\u015aCI&Oacute;\u0141 PARAFIALNY POD WEZWANIEM<br \/>\n\tWNIEBOWZI\u0118CIA NAJ\u015aWI\u0118TSZEJ MARYI PANNY W OSTROROGU<\/strong><\/span><\/span><\/a><\/span>\n<\/p>\n<p style=\"text-align: center;\">\n\t&nbsp;\n<\/p>\n<p>\n\t<!--more-->\n<\/p>\n<p>\n\t&nbsp;\n<\/p>\n<p style=\"text-align: center;\">\n\t<span style=\"color:#000000;\"><span style=\"font-size:16px;\"><span style=\"font-family:georgia,serif;\">Ostror&oacute;g jest niewielkim, licz\u0105cym niespe\u0142na dwa tysi\u0105ce mieszka\u0144c&oacute;w miastem w Wielkopolsce w powiecie szamotulskim. <\/span><\/span><\/span>\n<\/p>\n<p style=\"text-align: center;\">\n\t<span style=\"color:#000000;\"><span style=\"font-size:16px;\"><span style=\"font-family:georgia,serif;\">Senna, po\u0142o\u017cona na wysokiej skarpie p&oacute;\u0142nocnego brzegu Jeziora Wielkiego miejscowo\u015b\u0107 ma kilkusetletni\u0105 histori\u0119. Najstarsze zapiski o grodzie i osadzie po\u0142o\u017conej nad wspomnianym jeziorem pochodz\u0105 z 1383 r. Ich autor, <strong>Janko z Czarnkowa<\/strong> zapisa\u0142 w swojej kronice informacje o Dziers\u0142awie Grocholi, w\u0142a\u015bcicielowi tych ziem, kt&oacute;ry uczestniczy\u0142 w wojnie rod&oacute;w Grzymalit&oacute;w i Na\u0142\u0119cz&oacute;w. Syn Dziers\u0142awa <strong>S\u0119dziwoj <\/strong>pos\u0142uguj\u0105cy si\u0119 ju\u017c nazwiskiem <strong>Ostror&oacute;g<\/strong>, za uczestnictwo w wojnie z Krzy\u017cakami, otrzyma\u0142 z r\u0105k kr&oacute;la W\u0142adys\u0142awa Jagie\u0142\u0142y najwa\u017cniejsze funkcje w Wielkopolsce. W jego czasach, oko\u0142o 1412 r. nadano Ostrorogowi prawa miejskie.<\/span><\/span><\/span>\n<\/p>\n<p style=\"text-align: center;\">\n\t<span style=\"color:#000000;\"><span style=\"font-size:16px;\"><span style=\"font-family:georgia,serif;\">Miasto po \u015bmierci ostatniego z rodu Ostrorog&oacute;w w 1624 r. nale\u017ca\u0142o m.in. do szlacheckich rod&oacute;w Potockich, Rej&oacute;w i Radziwi\u0142\u0142&oacute;w. R&oacute;wnie d\u0142ug\u0105 histori\u0119 maj\u0105 ostrorogskie parafia i ko\u015bci&oacute;\u0142 pw. Wniebowzi\u0119cia Naj\u015bwi\u0119tszej Marii Panny. S\u0119dziw&oacute;j Ostror&oacute;g za\u0142o\u017cyciel miasta czyni\u0142 starania o powo\u0142anie tutaj o\u015brodka duszpasterskiego. W 1432 r. &oacute;wczesny biskup pozna\u0144ski Stanis\u0142aw Cio\u0142ek powo\u0142a\u0142 parafi\u0119 w Ostrorogu. W tym czasie <strong>wzniesiono p&oacute;\u017anogotyck\u0105 \u015bwi\u0105tyni<\/strong>\u0119.<\/span><\/span><\/span>\n<\/p>\n<p style=\"text-align: center;\">\n\t<span style=\"color:#000000;\"><span style=\"font-size:16px;\"><span style=\"font-family:georgia,serif;\">Na prze\u0142omie XV\/XVI wieku ko\u015bci&oacute;\u0142 przej\u0119li <strong>Bracia Czescy<\/strong>, kt&oacute;rzy osiedlili si\u0119 w mie\u015bcie tworz\u0105c tutaj<strong>jeden z najwa\u017cniejszych <\/strong>swoich <strong>o\u015brodk&oacute;w w Europi<\/strong>e. W\u0142adali nim niemal do ko\u0144ca XVI wieku. Budowla wr&oacute;ci\u0142a do katolik&oacute;w w czasie panowania Zygmunta III Wazy b\u0119d\u0105cego zwolennikiem kontrreformacji. Ko\u015bci&oacute;\u0142 kilkakrotnie niszczy\u0142y po\u017cary, jednak za ka\u017cdym razem by\u0142 odbudowywany. Rok 1776 r. przyni&oacute;s\u0142 przebudow\u0119 \u015bwi\u0105tyni zainicjowan\u0105 przez kasztelana przem\u0119ckiego Adama Kwileckiego, kt&oacute;ra nada\u0142a jej istniej\u0105c\u0105 do dzi\u015b barokow\u0105 form\u0119. Z tego te\u017c czasu pochodzi obiegaj\u0105ce j\u0105 ogrodzenie z bram\u0105.<\/span><\/span><\/span>\n<\/p>\n<p style=\"text-align: center;\">\n\t<span style=\"color:#000000;\"><span style=\"font-size:16px;\"><span style=\"font-family:georgia,serif;\"><strong>Ko\u015bci&oacute;\u0142 Wniebowzi\u0119cia NMP<\/strong> jest halow\u0105, tr&oacute;jnawow\u0105 budowl\u0105 nakryt\u0105 dachem z dach&oacute;wki. Do jej wn\u0119trza prowadzi od po\u0142udnia kruchta o pierwotnym p&oacute;\u017anogotyckim szczycie. Od zachodu bry\u0142\u0119 zamyka wie\u017ca z zegarami i ciekawym he\u0142mem. Wyposa\u017cenie wn\u0119trza reprezentuje rokokowe i barokowe formy. Ko\u015bci&oacute;\u0142 parafialny w Ostrorogu zosta\u0142 <strong>wpisany do rejestru zabytk&oacute;w<\/strong> Narodowego Instytutu Dziedzictwa 21 grudnia 1932 r. wpisem o numerze 2450\/A.<\/span><\/span><\/span>\n<\/p>\n<p style=\"text-align: center;\">\n\t&nbsp;\n<\/p>\n<p style=\"text-align: center;\">\n\t<img loading=\"lazy\" decoding=\"async\" alt=\"userimages,20150125,52082,53418,orig\" class=\"alignnone size-full wp-image-1502\" height=\"600\" src=\"https:\/\/parafia-ostrorog.pl\/wp-content\/uploads\/2016\/08\/userimages201501255208253418orig.jpg\" width=\"800\" \/>\n<\/p>\n<p>\n\t&nbsp;\n<\/p>\n<p style=\"text-align: center;\">\n\t<span style=\"font-size:16px;\"><span style=\"font-family: georgia,serif;\"><span style=\"color:#000000;\">Na \u015bcianie ostroroskiego ko\u015bcio\u0142a znajdowa\u0142a si\u0119 podobno data 1222, odnotowana w 1785 roku. Daty tej jednak nie mo\u017cna zr&oacute;wna\u0107 ani z dat\u0105 powstawania osady ani z ko\u015bcio\u0142em. W 1419 roku wzmiankowany by\u0142 ko\u015bci&oacute;\u0142 pod wezwaniem \u015aw. Jana Chrzciciela, a w 1432 powstanie kolegium misjonarzy i prepozytury w Ostrorogu; prawdopodobnie w tym czasie powsta\u0142 obecny ko\u015bci&oacute;\u0142. Pewne jest, \u017ce ko\u015bci&oacute;\u0142 istnia\u0142 przed 1510 r., a w 1555 r. zosta\u0142 oddany przez Jakuba Ostroroga <\/span><a href=\"https:\/\/pl.wikipedia.org\/wiki\/Bracia_czescy\" title=\"Bracia czescy\"><span style=\"color:#000000;\">braciom czeskim<\/span><\/a><span style=\"color:#000000;\">. Parafia obejmowa\u0142a nast\u0119puj\u0105ce wioski: <\/span><a href=\"https:\/\/pl.wikipedia.org\/wiki\/Piaskowo_%28gmina_Ostror%C3%B3g%29\" title=\"Piaskowo (gmina Ostror\u00f3g)\"><span style=\"color:#000000;\">Piaskowo<\/span><\/a><span style=\"color:#000000;\"> (od 1432 r.), <\/span><a href=\"https:\/\/pl.wikipedia.org\/wiki\/Kluczewo_%28powiat_szamotulski%29\" title=\"Kluczewo (powiat szamotulski)\"><span style=\"color:#000000;\">Kluczewo<\/span><\/a><span style=\"color:#000000;\"> (od 1466 r.), od 1508 r&oacute;wnie\u017c: <\/span><a href=\"https:\/\/pl.wikipedia.org\/wiki\/Wielonek_%28wojew%C3%B3dztwo_wielkopolskie%29\" title=\"Wielonek (wojew\u00f3dztwo wielkopolskie)\"><span style=\"color:#000000;\">Wielonek<\/span><\/a><span style=\"color:#000000;\"> (wtedy Wielim), <\/span><a href=\"https:\/\/pl.wikipedia.org\/wiki\/Dobrojewo_%28wojew%C3%B3dztwo_wielkopolskie%29\" title=\"Dobrojewo (wojew\u00f3dztwo wielkopolskie)\"><span style=\"color:#000000;\">Dobrojewo<\/span><\/a><span style=\"color:#000000;\">, <\/span><a href=\"https:\/\/pl.wikipedia.org\/wiki\/Binino\" title=\"Binino\"><span style=\"color:#000000;\">Binino<\/span><\/a><span style=\"color:#000000;\"> (wtedy Bienino, w 1603 r. przeniesione do parafii Biezdrowo), <\/span><a href=\"https:\/\/pl.wikipedia.org\/wiki\/Rudki_%28powiat_szamotulski%29\" title=\"Rudki (powiat szamotulski)\"><span style=\"color:#000000;\">Rudki<\/span><\/a><span style=\"color:#000000;\">, <\/span><a href=\"https:\/\/pl.wikipedia.org\/wiki\/Bobulczyn\" title=\"Bobulczyn\"><span style=\"color:#000000;\">Bobulczyn<\/span><\/a><span style=\"color:#000000;\">, <\/span><a href=\"https:\/\/pl.wikipedia.org\/wiki\/Oporowo_%28powiat_szamotulski%29\" title=\"Oporowo (powiat szamotulski)\"><span style=\"color:#000000;\">Oporowo<\/span><\/a><span style=\"color:#000000;\">, <\/span><a href=\"https:\/\/pl.wikipedia.org\/wiki\/Szczepankowo_%28wojew%C3%B3dztwo_wielkopolskie%29\" title=\"Szczepankowo (wojew\u00f3dztwo wielkopolskie)\"><span style=\"color:#000000;\">Szczepankowo<\/span><\/a><span style=\"color:#000000;\">, a od 1787 r. r&oacute;wnie\u017c <\/span><a class=\"new\" href=\"https:\/\/pl.wikipedia.org\/w\/index.php?title=Szczepy&amp;action=edit&amp;redlink=1\" title=\"Szczepy (strona nie istnieje)\"><span style=\"color:#000000;\">Szczepy<\/span><\/a><span style=\"color:#000000;\"> i <\/span><a href=\"https:\/\/pl.wikipedia.org\/wiki\/Zapust_%28wojew%C3%B3dztwo_wielkopolskie%29\" title=\"Zapust (wojew\u00f3dztwo wielkopolskie)\"><span style=\"color:#000000;\">Zapust<\/span><\/a><span style=\"color:#000000;\">). W 1467 r. papie\u017c <\/span><a href=\"https:\/\/pl.wikipedia.org\/wiki\/Pawe%C5%82_II_%28papie%C5%BC%29\" title=\"Pawe\u0142 II (papie\u017c)\"><span style=\"color:#000000;\">Pawe\u0142 II<\/span><\/a><span style=\"color:#000000;\"> nada\u0142 odpust na uroczysto\u015b\u0107 Wniebowzi\u0119cia Naj\u015bwi\u0119tszej Maryi Panny 15 sierpnia oraz na Dzie\u0144 Narodzenia \u015bw. Jana Chrzciciela 24 czerwca. Bulla nadaj\u0105ca odpusty stwarza\u0142a dla ko\u015bcio\u0142a szanse na dodatkowe dochody (ja\u0142mu\u017cna, datki). Nie wiemy jak wygl\u0105da\u0142 &oacute;wczesny ko\u015bci&oacute;\u0142, w \u017ar&oacute;d\u0142ach mowa jest o o\u0142tarzu Trzech Kr&oacute;li (1419 r.), o\u0142tarzu \u015bw. Marii Magdaleny (1461 r.), o\u0142tarzu \u015bw. Jana Chrzciciela (1467 r.). W 1506 r. wymieniany jest domek przy ko\u015bciele stoj\u0105cy przy cmentarzu.<\/span><\/span><\/span>\n<\/p>\n<p style=\"text-align: center;\">\n\t<span style=\"font-size:16px;\"><span style=\"font-family: georgia,serif;\"><span style=\"color:#000000;\">Nadanie ko\u015bcio\u0142a braciom czeskim potwierdzi\u0142 Jan, syn Jakuba Ostroroga, w 1569 roku. Dokument ten wskazuje, jak bogato uposa\u017cono ko\u015bci&oacute;\u0142 (domki, szko\u0142a, ogrody tam\u017ce, rola i \u0142\u0105ka w mie\u015bcie, \u0142\u0105ka w Wielonku, ogr&oacute;d w Piaskowie, jezioro przy jeziorze Mormin, \u0142\u0105ka w Kluczewie, dziesi\u0119ciny z miasta i wsi). Zb&oacute;r braci w Ostrorogu dotyka\u0142y wielkie kl\u0119ski: w 1555 roku pali\u0142 si\u0119 Ostror&oacute;g, a w po\u017carze ucierpia\u0142 r&oacute;wnie\u017c ko\u015bci&oacute;\u0142. Po\u017car zniszczy\u0142 ko\u015bci&oacute;\u0142 r&oacute;wnie\u017c w 1589 r. Kolejny po\u017car w 1595 r. strawi\u0142 ca\u0142e miasto, ko\u015bci&oacute;\u0142 i budynki pleba\u0144skie, jednak dzi\u0119ki hojno\u015bci <\/span><a class=\"mw-redirect\" href=\"https:\/\/pl.wikipedia.org\/wiki\/Ostrorogowie\" title=\"Ostrorogowie\"><span style=\"color:#000000;\">Ostror&oacute;g&oacute;w<\/span><\/a><span style=\"color:#000000;\"> oraz bogatych rodzin szkockich, kt&oacute;re te ziemie w XVI wieku zamieszkiwa\u0142y, po ka\u017cdym po\u017carze ko\u015bci&oacute;\u0142 wznoszono w jeszcze bardziej okaza\u0142ej postaci. W Ostrorogu znajdowa\u0142o si\u0119 seminarium braci czeskich, archiwum i biblioteka. Sytuacja jednak zmieni\u0142a si\u0119 po 1632 roku, kiedy to po wymarciu Ostrorog&oacute;w i oddaniu tych teren&oacute;w w dzier\u017caw\u0119 bez opieki dziedzic&oacute;w ko\u015bci&oacute;\u0142 zosta\u0142 przej\u0119ty przez katolik&oacute;w. Dzia\u0142o si\u0119 to w 1636 roku w sobot\u0119 \u015bw. Anny, za spraw\u0105 ksi\u0119dza kanonika Andrzeja \u015awiniarskiego, kt&oacute;ry jak podaje opis wizytacji z 1641 r., nara\u017caj\u0105c \u017cycie swoje ko\u015bci&oacute;\u0142 otoczony wojskiem przez &quot;heretyk&oacute;w&quot; odebra\u0142 wraz kilkoma duchownymi. Ten sam opis m&oacute;wi o tym, \u017ce ko\u015bci&oacute;\u0142 jest pod wezwaniem Naj\u015bwi\u0119tszej Marii Panny, Jana Chrzciciela i Ewangelisty oraz \u015bw. Andrzeja aposto\u0142a<sup>.<\/sup> Po odebraniu ko\u015bcio\u0142a braciom czeskim, jeszcze przez jaki\u015b czas odbywali oni nabo\u017ce\u0144stwa na zamku w Ostrorogu. W 1660 roku Ostror&oacute;g przeszed\u0142 w r\u0119ce rodziny katolickiej, a zb&oacute;r braci czeskich ostatecznie upad\u0142. Wraz z upadkiem zboru podupad\u0142o miasteczko, wyprowadzi\u0142y si\u0119 bogate rodziny szkockie, zlikwidowana zosta\u0142a biblioteka, seminarium, archiwum.<\/span><\/span><\/span>\n<\/p>\n<p style=\"text-align: center;\">\n\t<span style=\"font-size:16px;\"><span style=\"font-family: georgia,serif;\"><span style=\"color:#000000;\">Przy ko\u015bciele znajdowa\u0142 si\u0119 szpital. Po\u0142o\u017cony by\u0142 przy drodze prowadz\u0105cej do <\/span><a href=\"https:\/\/pl.wikipedia.org\/wiki\/Szamotu%C5%82y\" title=\"Szamotu\u0142y\"><span style=\"color:#000000;\">Szamotu\u0142<\/span><\/a><span style=\"color:#000000;\">, w 1641 r. z\u0142o\u017cony by\u0142 z jednej izby ogrzewanej i kilku kom&oacute;r, mieszka\u0142o w nim 6 ubogich. Z opisu szpitala z 1725 r. wynika, i\u017c w&oacute;wczas sk\u0142ada\u0142 si\u0119 z dw&oacute;ch izb ogrzewanych i 4 kom&oacute;r. W 1785 r. szpitala ju\u017c nie by\u0142o, spali\u0142 si\u0119 przez nieostro\u017cno\u015b\u0107 ubogich w nim mieszkaj\u0105cych .<\/span><\/span><\/span>\n<\/p>\n<p style=\"text-align: center;\">\n\t<span style=\"color:#000000;\"><span style=\"font-size:16px;\"><span style=\"font-family: georgia,serif;\">Poza szpitalem w \u017ar&oacute;d\u0142ach wspominana jest r&oacute;wnie\u017c szko\u0142a, kt&oacute;ra dzia\u0142a\u0142a przy ko\u015bciele. W XV wieku szko\u0142a w Ostrorogu mia\u0142a dodatkowe uposa\u017cenie od Jana \u015awidwy z Szamotu\u0142. W tym czasie by\u0142o co najmniej dw&oacute;ch nauczycieli, przy czym jeden by\u0142 zarazem g\u0142&oacute;wnym nauczycielem, kantorem szko\u0142y i ko\u015bcio\u0142a. Wraz z oddaniem ko\u015bcio\u0142a w r\u0119ce braci czeskich, przekazana zosta\u0142a r&oacute;wnie\u017c szko\u0142a. Po odzyskaniu ko\u015bcio\u0142a przez katolik&oacute;w szko\u0142a nadal funkcjonowa\u0142a. Braniecki (w 1641) podaje, \u017ce rektor szko\u0142y wype\u0142nia r&oacute;wnie\u017c obowi\u0105zki kantora i otrzymuje wynagrodzenie od miasta, ko\u015bcio\u0142a i od prepozyta pod warunki utrzymywania ucznia zdolnego do \u015bpiewu w ch&oacute;rze. W 1725 roku w czasie wizytacji szko\u0142a jeszcze funkcjonowa\u0142a, natomiast w 1785 roku szko\u0142y ju\u017c nie by\u0142o, a organista uczy\u0142 kilkoro uczni&oacute;w w domu.<\/span><\/span><\/span>\n<\/p>\n<p style=\"text-align: center;\">\n\t<span style=\"font-size:16px;\"><span style=\"font-family: georgia,serif;\"><span style=\"color:#000000;\">W 1776 r. staraniem kasztelana przem\u0119ckiego Adama Kwileckiego ko\u015bci&oacute;\u0142 zosta\u0142 przebudowany i otrzyma\u0142 obecny kszta\u0142t. <\/span><a href=\"https:\/\/pl.wikipedia.org\/wiki\/J%C3%B3zef_%C5%81ukaszewicz_%28historyk%29\" title=\"J\u00f3zef \u0141ukaszewicz (historyk)\"><span style=\"color:#000000;\">J&oacute;zef \u0141ukaszewicz<\/span><\/a><span style=\"color:#000000;\"> zarzuci\u0142 Kwileckiemu, \u017ce mury gotyckiej \u015bwi\u0105tyni kaza\u0142 do po\u0142owy rozebra\u0107, a w miejsce pi\u0119knej gotyckiej budowli utworzy\u0142 niepozorny i niekszta\u0142tny gmach. Ten sam autor zarzuca Kwileckiemu, \u017ce groby Ostrorog&oacute;w bezbo\u017cnie wyrzuci\u0142.<\/span><\/span><\/span>\n<\/p>\n<p style=\"text-align: center;\">\n\t<span style=\"color:#000000;\"><span style=\"font-size:16px;\"><span style=\"font-family: georgia,serif;\"><b>&nbsp;<\/b><\/span><\/span><\/span><\/p>\n","protected":false},"excerpt":{"rendered":"<p>KO\u015aCI&Oacute;\u0141 PARAFIALNY POD WEZWANIEM WNIEBOWZI\u0118CIA NAJ\u015aWI\u0118TSZEJ MARYI PANNY W OSTROROGU &nbsp;<\/p>\n","protected":false},"author":1,"featured_media":5465,"parent":6,"menu_order":0,"comment_status":"closed","ping_status":"closed","template":"","meta":{"ngg_post_thumbnail":0,"footnotes":""},"class_list":["post-10","page","type-page","status-publish","has-post-thumbnail","hentry"],"_links":{"self":[{"href":"https:\/\/parafia-ostrorog.pl\/index.php\/wp-json\/wp\/v2\/pages\/10","targetHints":{"allow":["GET"]}}],"collection":[{"href":"https:\/\/parafia-ostrorog.pl\/index.php\/wp-json\/wp\/v2\/pages"}],"about":[{"href":"https:\/\/parafia-ostrorog.pl\/index.php\/wp-json\/wp\/v2\/types\/page"}],"author":[{"embeddable":true,"href":"https:\/\/parafia-ostrorog.pl\/index.php\/wp-json\/wp\/v2\/users\/1"}],"replies":[{"embeddable":true,"href":"https:\/\/parafia-ostrorog.pl\/index.php\/wp-json\/wp\/v2\/comments?post=10"}],"version-history":[{"count":20,"href":"https:\/\/parafia-ostrorog.pl\/index.php\/wp-json\/wp\/v2\/pages\/10\/revisions"}],"predecessor-version":[{"id":10467,"href":"https:\/\/parafia-ostrorog.pl\/index.php\/wp-json\/wp\/v2\/pages\/10\/revisions\/10467"}],"up":[{"embeddable":true,"href":"https:\/\/parafia-ostrorog.pl\/index.php\/wp-json\/wp\/v2\/pages\/6"}],"wp:featuredmedia":[{"embeddable":true,"href":"https:\/\/parafia-ostrorog.pl\/index.php\/wp-json\/wp\/v2\/media\/5465"}],"wp:attachment":[{"href":"https:\/\/parafia-ostrorog.pl\/index.php\/wp-json\/wp\/v2\/media?parent=10"}],"curies":[{"name":"wp","href":"https:\/\/api.w.org\/{rel}","templated":true}]}}