{"id":12,"date":"2016-08-03T17:35:53","date_gmt":"2016-08-03T15:35:53","guid":{"rendered":"http:\/\/parafia-ostrorog.pl\/?page_id=12"},"modified":"2016-08-18T20:20:33","modified_gmt":"2016-08-18T18:20:33","slug":"katecheza-przedmalzenska","status":"publish","type":"page","link":"https:\/\/parafia-ostrorog.pl\/index.php\/informacje\/katecheza-przedmalzenska\/","title":{"rendered":"Katecheza przedma\u0142\u017ce\u0144ska"},"content":{"rendered":"<p style=\"text-align: center;\">\n\t<span style=\"font-family:georgia,serif;\"><span style=\"font-size:18px;\"><span style=\"color:#000000;\">Katecheza przedma\u0142\u017ce\u0144ska odbywa si\u0119 w Kolegiacie szamotulskiej .<br \/>\n\tTerminy s\u0105 podane w gablocie przy ko\u015bciele.Informacje na temat katechezy przedma\u0142\u017ce\u0144skiej udziela ks.&nbsp;proboszcz w biurze parafialnym.<\/span><\/span><\/span><\/p>\n","protected":false},"excerpt":{"rendered":"<p>Katecheza przedma\u0142\u017ce\u0144ska odbywa si\u0119 w Kolegiacie szamotulskiej . Terminy s\u0105 podane w gablocie przy ko\u015bciele.Informacje na temat katechezy przedma\u0142\u017ce\u0144skiej udziela ks.&nbsp;proboszcz w biurze parafialnym.<\/p>\n","protected":false},"author":1,"featured_media":0,"parent":6,"menu_order":0,"comment_status":"closed","ping_status":"closed","template":"","meta":{"ngg_post_thumbnail":0,"footnotes":""},"class_list":["post-12","page","type-page","status-publish","hentry"],"_links":{"self":[{"href":"https:\/\/parafia-ostrorog.pl\/index.php\/wp-json\/wp\/v2\/pages\/12","targetHints":{"allow":["GET"]}}],"collection":[{"href":"https:\/\/parafia-ostrorog.pl\/index.php\/wp-json\/wp\/v2\/pages"}],"about":[{"href":"https:\/\/parafia-ostrorog.pl\/index.php\/wp-json\/wp\/v2\/types\/page"}],"author":[{"embeddable":true,"href":"https:\/\/parafia-ostrorog.pl\/index.php\/wp-json\/wp\/v2\/users\/1"}],"replies":[{"embeddable":true,"href":"https:\/\/parafia-ostrorog.pl\/index.php\/wp-json\/wp\/v2\/comments?post=12"}],"version-history":[{"count":4,"href":"https:\/\/parafia-ostrorog.pl\/index.php\/wp-json\/wp\/v2\/pages\/12\/revisions"}],"predecessor-version":[{"id":1507,"href":"https:\/\/parafia-ostrorog.pl\/index.php\/wp-json\/wp\/v2\/pages\/12\/revisions\/1507"}],"up":[{"embeddable":true,"href":"https:\/\/parafia-ostrorog.pl\/index.php\/wp-json\/wp\/v2\/pages\/6"}],"wp:attachment":[{"href":"https:\/\/parafia-ostrorog.pl\/index.php\/wp-json\/wp\/v2\/media?parent=12"}],"curies":[{"name":"wp","href":"https:\/\/api.w.org\/{rel}","templated":true}]}}