{"id":14,"date":"2016-08-03T17:36:19","date_gmt":"2016-08-03T15:36:19","guid":{"rendered":"http:\/\/parafia-ostrorog.pl\/?page_id=14"},"modified":"2016-08-18T20:12:15","modified_gmt":"2016-08-18T18:12:15","slug":"formalnosci-pogrzebowe","status":"publish","type":"page","link":"https:\/\/parafia-ostrorog.pl\/index.php\/informacje\/formalnosci-pogrzebowe\/","title":{"rendered":"Formalno\u015bci pogrzebowe"},"content":{"rendered":"<p style=\"text-align: center;\">\n\t<span style=\"font-size:20px;\"><span style=\"font-family:georgia,serif;\"><strong><u>WYKAZ DOKUMENT&Oacute;W POTRZEBNYCH DO POGRZEBU<\/u><\/strong><\/span><\/span>\n<\/p>\n<p style=\"text-align: center;\">\n\t&nbsp;<img loading=\"lazy\" decoding=\"async\" alt=\"swieca1\" class=\"alignnone size-thumbnail wp-image-716\" height=\"150\" src=\"https:\/\/parafia-ostrorog.pl\/wp-content\/uploads\/2016\/08\/swieca1-150x150.png\" width=\"150\" srcset=\"https:\/\/parafia-ostrorog.pl\/wp-content\/uploads\/2016\/08\/swieca1-150x150.png 150w, https:\/\/parafia-ostrorog.pl\/wp-content\/uploads\/2016\/08\/swieca1-300x300.png 300w, https:\/\/parafia-ostrorog.pl\/wp-content\/uploads\/2016\/08\/swieca1-48x48.png 48w, https:\/\/parafia-ostrorog.pl\/wp-content\/uploads\/2016\/08\/swieca1-186x186.png 186w, https:\/\/parafia-ostrorog.pl\/wp-content\/uploads\/2016\/08\/swieca1-184x184.png 184w, https:\/\/parafia-ostrorog.pl\/wp-content\/uploads\/2016\/08\/swieca1.png 700w\" sizes=\"auto, (max-width: 150px) 100vw, 150px\" \/>\n<\/p>\n<p style=\"text-align: center;\">\n\t<span style=\"color:#000000;\"><span style=\"font-size:20px;\"><span style=\"font-family:georgia,serif;\">1. Akt zgonu.<\/span><\/span><\/span>\n<\/p>\n<p style=\"text-align: center;\">\n\t<span style=\"color:#000000;\"><span style=\"font-size:20px;\"><span style=\"font-family:georgia,serif;\">2. Za\u015bwiadczenie o udzieleniu sakramentu chorych i wiatyku (Komunii \u015awi\u0119tej), je\u015bli zgon nast\u0105pi\u0142 poza parafi\u0105 lub w szpitalu (wystawia je kapelan szpitala).<\/span><\/span><\/span>\n<\/p>\n<p style=\"text-align: center;\">\n\t<span style=\"color:#000000;\"><span style=\"font-size:20px;\"><span style=\"font-family:georgia,serif;\">3. Je\u015bli pogrzeb odbywa si\u0119 poza parafi\u0105 miejsca zamieszkania, parafia wystawia \u015bwiadectwo religijno\u015bci i zgod\u0119 na pogrzeb w innej parafii.<\/span><\/span><\/span>\n<\/p>\n<p style=\"text-align: center;\">\n\t<span style=\"color:#000000;\"><span style=\"font-size:20px;\"><span style=\"font-family:georgia,serif;\">-w razie zgonu kontaktujemy si\u0119 z ks.proboszczem &nbsp;w biurze parafialnym b\u0105d\u017a<br \/>\n\tz administratorem cmentarza ( Lilia) tel. 601 888 807<\/span><\/span><\/span><br \/>\n\t<span style=\"color:#000000;\"><span style=\"font-size:20px;\"><span style=\"font-family:georgia,serif;\">celem uzgodnienia terminu pogrzebu.<\/span><\/span><\/span>\n<\/p>\n<p>\n\t&nbsp;<\/p>\n","protected":false},"excerpt":{"rendered":"<p>WYKAZ DOKUMENT&Oacute;W POTRZEBNYCH DO POGRZEBU &nbsp; 1. Akt zgonu. 2. Za\u015bwiadczenie o udzieleniu sakramentu chorych i wiatyku (Komunii \u015awi\u0119tej), je\u015bli zgon nast\u0105pi\u0142 poza parafi\u0105 lub w szpitalu (wystawia je kapelan szpitala). 3. Je\u015bli pogrzeb odbywa si\u0119 poza parafi\u0105 miejsca zamieszkania, parafia wystawia \u015bwiadectwo religijno\u015bci i zgod\u0119 na pogrzeb w innej parafii. -w razie zgonu kontaktujemy [&hellip;]<\/p>\n","protected":false},"author":1,"featured_media":0,"parent":6,"menu_order":0,"comment_status":"closed","ping_status":"closed","template":"","meta":{"ngg_post_thumbnail":0,"footnotes":""},"class_list":["post-14","page","type-page","status-publish","hentry"],"_links":{"self":[{"href":"https:\/\/parafia-ostrorog.pl\/index.php\/wp-json\/wp\/v2\/pages\/14","targetHints":{"allow":["GET"]}}],"collection":[{"href":"https:\/\/parafia-ostrorog.pl\/index.php\/wp-json\/wp\/v2\/pages"}],"about":[{"href":"https:\/\/parafia-ostrorog.pl\/index.php\/wp-json\/wp\/v2\/types\/page"}],"author":[{"embeddable":true,"href":"https:\/\/parafia-ostrorog.pl\/index.php\/wp-json\/wp\/v2\/users\/1"}],"replies":[{"embeddable":true,"href":"https:\/\/parafia-ostrorog.pl\/index.php\/wp-json\/wp\/v2\/comments?post=14"}],"version-history":[{"count":7,"href":"https:\/\/parafia-ostrorog.pl\/index.php\/wp-json\/wp\/v2\/pages\/14\/revisions"}],"predecessor-version":[{"id":1501,"href":"https:\/\/parafia-ostrorog.pl\/index.php\/wp-json\/wp\/v2\/pages\/14\/revisions\/1501"}],"up":[{"embeddable":true,"href":"https:\/\/parafia-ostrorog.pl\/index.php\/wp-json\/wp\/v2\/pages\/6"}],"wp:attachment":[{"href":"https:\/\/parafia-ostrorog.pl\/index.php\/wp-json\/wp\/v2\/media?parent=14"}],"curies":[{"name":"wp","href":"https:\/\/api.w.org\/{rel}","templated":true}]}}