{"id":1683,"date":"2016-08-29T21:16:10","date_gmt":"2016-08-29T19:16:10","guid":{"rendered":"http:\/\/parafia-ostrorog.pl\/?page_id=1683"},"modified":"2016-08-30T14:02:36","modified_gmt":"2016-08-30T12:02:36","slug":"ksieza-pochodzacy-z-naszej-parafii","status":"publish","type":"page","link":"https:\/\/parafia-ostrorog.pl\/index.php\/duszpasterze\/ksieza-pochodzacy-z-naszej-parafii\/","title":{"rendered":"Ksi\u0119\u017ca pochodz\u0105cy z naszej parafii"},"content":{"rendered":"<p>\n\t&nbsp;\n<\/p>\n<p style=\"text-align: center;\">\n\t<span style=\"color:#000000;\"><span style=\"font-size:20px;\"><strong><span style=\"font-family:georgia,serif;\">Ksi\u0119\u017ca pochodz\u0105cy z naszej parafii<\/span><\/strong><\/span><\/span>\n<\/p>\n<p style=\"text-align: center;\">\n\t<span style=\"color:#000000;\"><span style=\"font-size:16px;\"><span style=\"font-family:georgia,serif;\">&middot;&nbsp; ks. Kazimierz Neugebauer 1947 +2011<\/span><\/span><\/span>\n<\/p>\n<p style=\"text-align: center;\">\n\t<span style=\"color:#000000;\"><span style=\"font-size:16px;\"><span style=\"font-family:georgia,serif;\">&middot;&nbsp; ks. J&oacute;zef Sikorski 1953 +1976<\/span><\/span><\/span>\n<\/p>\n<p style=\"text-align: center;\">\n\t<span style=\"color:#000000;\"><span style=\"font-size:16px;\"><span style=\"font-family:georgia,serif;\">&middot;&nbsp; ks. Florian Grzesiak T. Sal. 1954<\/span><\/span><\/span>\n<\/p>\n<p style=\"text-align: center;\">\n\t<span style=\"color:#000000;\"><span style=\"font-size:16px;\"><span style=\"font-family:georgia,serif;\">&middot;&nbsp; ks. Tadeusz Czaja OMI 1961 +2009<\/span><\/span><\/span>\n<\/p>\n<p style=\"text-align: center;\">\n\t<span style=\"color:#000000;\"><span style=\"font-size:16px;\"><span style=\"font-family:georgia,serif;\">&middot;&nbsp; ks. Ireneusz Greczka 1982 +1990<\/span><\/span><\/span>\n<\/p>\n<p style=\"text-align: center;\">\n\t<span style=\"color:#000000;\"><span style=\"font-size:16px;\"><span style=\"font-family:georgia,serif;\">&middot;&nbsp; ks. Roman Janecki 1985<\/span><\/span><\/span>\n<\/p>\n<p style=\"text-align: center;\">\n\t<span style=\"color:#000000;\"><span style=\"font-size:16px;\"><span style=\"font-family:georgia,serif;\">&middot;&nbsp; ks. Marek Pawlak 2003<\/span><\/span><\/span><\/p>\n","protected":false},"excerpt":{"rendered":"<p>&nbsp; Ksi\u0119\u017ca pochodz\u0105cy z naszej parafii &middot;&nbsp; ks. Kazimierz Neugebauer 1947 +2011 &middot;&nbsp; ks. J&oacute;zef Sikorski 1953 +1976 &middot;&nbsp; ks. Florian Grzesiak T. Sal. 1954 &middot;&nbsp; ks. Tadeusz Czaja OMI 1961 +2009 &middot;&nbsp; ks. Ireneusz Greczka 1982 +1990 &middot;&nbsp; ks. Roman Janecki 1985 &middot;&nbsp; ks. Marek Pawlak 2003<\/p>\n","protected":false},"author":1,"featured_media":0,"parent":18,"menu_order":0,"comment_status":"closed","ping_status":"closed","template":"","meta":{"ngg_post_thumbnail":0,"footnotes":""},"class_list":["post-1683","page","type-page","status-publish","hentry"],"_links":{"self":[{"href":"https:\/\/parafia-ostrorog.pl\/index.php\/wp-json\/wp\/v2\/pages\/1683","targetHints":{"allow":["GET"]}}],"collection":[{"href":"https:\/\/parafia-ostrorog.pl\/index.php\/wp-json\/wp\/v2\/pages"}],"about":[{"href":"https:\/\/parafia-ostrorog.pl\/index.php\/wp-json\/wp\/v2\/types\/page"}],"author":[{"embeddable":true,"href":"https:\/\/parafia-ostrorog.pl\/index.php\/wp-json\/wp\/v2\/users\/1"}],"replies":[{"embeddable":true,"href":"https:\/\/parafia-ostrorog.pl\/index.php\/wp-json\/wp\/v2\/comments?post=1683"}],"version-history":[{"count":3,"href":"https:\/\/parafia-ostrorog.pl\/index.php\/wp-json\/wp\/v2\/pages\/1683\/revisions"}],"predecessor-version":[{"id":1688,"href":"https:\/\/parafia-ostrorog.pl\/index.php\/wp-json\/wp\/v2\/pages\/1683\/revisions\/1688"}],"up":[{"embeddable":true,"href":"https:\/\/parafia-ostrorog.pl\/index.php\/wp-json\/wp\/v2\/pages\/18"}],"wp:attachment":[{"href":"https:\/\/parafia-ostrorog.pl\/index.php\/wp-json\/wp\/v2\/media?parent=1683"}],"curies":[{"name":"wp","href":"https:\/\/api.w.org\/{rel}","templated":true}]}}