{"id":30,"date":"2016-08-03T17:40:51","date_gmt":"2016-08-03T15:40:51","guid":{"rendered":"http:\/\/parafia-ostrorog.pl\/?page_id=30"},"modified":"2016-10-02T13:11:02","modified_gmt":"2016-10-02T11:11:02","slug":"sakrament-pokuty-i-pojednania","status":"publish","type":"page","link":"https:\/\/parafia-ostrorog.pl\/index.php\/sakramenty\/sakrament-pokuty-i-pojednania\/","title":{"rendered":"Sakrament pokuty i pojednania"},"content":{"rendered":"<p style=\"text-align: center;\">\n\t<span style=\"font-size:18px;\"><span style=\"color:#0000FF;\"><span style=\"font-family:georgia,serif;\"><strong>SAKRAMENT &nbsp;POJEDNANIA<\/strong><\/span><\/span><\/span>\n<\/p>\n<p>\n\t<strong>&nbsp;<\/strong>\n<\/p>\n<ul>\n<li>\n\t\t<span style=\"color:#000000;\"><span style=\"font-size:16px;\"><span style=\"font-family:georgia,serif;\"><strong>Sakrament pojednania<\/strong> ustanowi\u0142 Pan Jezus w dniu zmartwychwstania, gdy stan\u0105\u0142 w\u015br&oacute;d Aposto\u0142&oacute;w w Wieczerniku, tchn\u0105\u0142 na nich i powiedzia\u0142: <em>&quot;We\u017amijcie Ducha \u015awi\u0119tego! Kt&oacute;rym odpu\u015bcicie grzechy, s\u0105 im odpuszczone, a kt&oacute;rym zatrzymacie, s\u0105 im zatrzymane&quot;&nbsp;(J 20, 19-23).<\/em><\/span><\/span><\/span>\n\t<\/li>\n<\/ul>\n<p>\n\t<span style=\"color:#000000;\"><span style=\"font-size:16px;\"><span style=\"font-family:georgia,serif;\">Spowied\u017a \u015bwi\u0119ta&nbsp;jest to wyznanie przed kap\u0142anem wszystkich grzech&oacute;w ci\u0119\u017ckich, kt&oacute;rych penitent jeszcze nie wyzna\u0142, a kt&oacute;re przypomnia\u0142 sobie po starannym zbadaniu swego sumienia. Wyznanie grzech&oacute;w powszednich nie jest samo w sobie konieczne, niemniej jest przez Ko\u015bci&oacute;\u0142 \u017cywo zalecane. Kap\u0142an na spowiedzi zadaje penitentowi wype\u0142nienie pewnych czyn&oacute;w&nbsp;&quot;zado\u015b\u0107uczynienia&quot;&nbsp;lub &quot;pokuty&quot;, by wynagrodzi\u0142 szkody spowodowane przez grzech i post\u0119powa\u0142 w spos&oacute;b godny ucznia Chrystusa. Tylko kap\u0142an, kt&oacute;ry zosta\u0142 upowa\u017cniony przez w\u0142adz\u0119 ko\u015bcieln\u0105 &nbsp;do spowiadania, mo\u017ce przebaczy\u0107 grzechy w imieniu Chrystusa. Po wyznaniu grzech&oacute;w z \u017calem, penitent otrzymuje pouczenie i pokut\u0119, po czym kap\u0142an udziela rozgrzeszenia, wypowiadaj\u0105c s\u0142owa: <em>&quot;B&oacute;g Ojciec mi\u0142osierdzia, kt&oacute;ry pojedna\u0142 \u015bwiat za sob\u0105 przez \u015bmier\u0107 i zmartwychwstanie swojego Syna i zes\u0142a\u0142 Ducha \u015awi\u0119tego na odpuszczenie grzech&oacute;w, niech ci udzieli przebaczenia i pokoju przez pos\u0142ug\u0119 Ko\u015bci&oacute;\u0142. I ja odpuszczam tobie grzechy w imi\u0119 Ojca i Syna, i Ducha \u015awi\u0119tego&quot;. <\/em>Penitent odpowiada: <em>Amen.<\/em><\/span><\/span><\/span>\n<\/p>\n<p>\n\t&nbsp;\n<\/p>\n<ul>\n<li>\n\t\t<span style=\"color:#000000;\"><span style=\"font-size:16px;\"><span style=\"font-family:georgia,serif;\"><strong>Warunki dobrej spowiedzi:<\/strong><\/span><\/span><\/span>\n\t<\/li>\n<li>\n\t\t<span style=\"color:#000000;\"><span style=\"font-size:16px;\"><span style=\"font-family:georgia,serif;\">Rachunek sumienia,<\/span><\/span><\/span>\n\t<\/li>\n<li>\n\t\t<span style=\"color:#000000;\"><span style=\"font-size:16px;\"><span style=\"font-family:georgia,serif;\">\u017bal za grzechy,<\/span><\/span><\/span>\n\t<\/li>\n<li>\n\t\t<span style=\"color:#000000;\"><span style=\"font-size:16px;\"><span style=\"font-family:georgia,serif;\">Mocne postanowienie poprawy,<\/span><\/span><\/span>\n\t<\/li>\n<li>\n\t\t<span style=\"color:#000000;\"><span style=\"font-size:16px;\"><span style=\"font-family:georgia,serif;\">Szczera spowied\u017a,<\/span><\/span><\/span>\n\t<\/li>\n<li>\n\t\t<span style=\"color:#000000;\"><span style=\"font-size:16px;\"><span style=\"font-family:georgia,serif;\">Zado\u015b\u0107uczynienie.<\/span><\/span><\/span><\/p>\n<p>\n\t\t\t&nbsp;\n\t\t<\/p>\n<p>\n\t\t\t&nbsp;\n\t\t<\/p>\n<p>\n\t\t\t<span style=\"color:#000000;\"><span style=\"font-size:16px;\"><span style=\"font-family:georgia,serif;\"><img loading=\"lazy\" decoding=\"async\" alt=\"SPO\" class=\"size-medium wp-image-117 aligncenter\" height=\"300\" src=\"https:\/\/parafia-ostrorog.pl\/wp-content\/uploads\/2016\/08\/SPO-185x300.jpg\" width=\"185\" srcset=\"https:\/\/parafia-ostrorog.pl\/wp-content\/uploads\/2016\/08\/SPO-185x300.jpg 185w, https:\/\/parafia-ostrorog.pl\/wp-content\/uploads\/2016\/08\/SPO.jpg 607w\" sizes=\"auto, (max-width: 185px) 100vw, 185px\" \/><\/span><\/span><\/span>\n\t\t<\/p>\n<\/li>\n<\/ul>\n<p>\n\t<span style=\"color:#000000;\"><span style=\"font-size:16px;\"><span style=\"font-family:georgia,serif;\"><em>&nbsp;<\/em><\/span><\/span><\/span>\n<\/p>\n<ul>\n<li>\n\t\t<span style=\"color:#000000;\"><span style=\"font-size:16px;\"><span style=\"font-family:georgia,serif;\"><strong>Formu\u0142a spowiedzi:<\/strong><\/span><\/span><\/span>\n\t<\/li>\n<li>\n\t\t<span style=\"color:#000000;\"><span style=\"font-size:16px;\"><span style=\"font-family:georgia,serif;\">Penitent:&nbsp;Niech b\u0119dzie pochwalony Jezus Chrystus<\/span><\/span><\/span>\n\t<\/li>\n<li>\n\t\t<span style=\"color:#000000;\"><span style=\"font-size:16px;\"><span style=\"font-family:georgia,serif;\">Kap\u0142an: Na wieki wiek&oacute;w. Amen.<\/span><\/span><\/span>\n\t<\/li>\n<li>\n\t\t<span style=\"color:#000000;\"><span style=\"font-size:16px;\"><span style=\"font-family:georgia,serif;\">Penitent:&nbsp;Kilka s\u0142&oacute;w o sobie np. Jestem uczniem; studentem; \u017con\u0105; m\u0119\u017cem, matk\u0105&#8230;, ostatni raz u spowiedzi by\u0142em (am)&#8230;.., zadan\u0105 pokut\u0119 odm&oacute;wi\u0142em (am)&#8230;., obrazi\u0142em (am) Pana Boga nast\u0119puj\u0105cymi grzechami&#8230;&#8230;(wymieniamy grzech, wzgl\u0119dem Boga, bli\u017aniego i samego siebie)&#8230;. . Wi\u0119cej grzech&oacute;w nie pami\u0119tam, serdecznie za nie \u017ca\u0142uj\u0119, prosz\u0119 o pokut\u0119 i rozgrzeszenie.<\/span><\/span><\/span>\n\t<\/li>\n<li>\n\t\t<span style=\"color:#000000;\"><span style=\"font-size:16px;\"><span style=\"font-family:georgia,serif;\">Kap\u0142an:&nbsp;Zadaje pokut\u0119, po czym odmawia formu\u0142\u0119 rozgrzeszenia: &quot;B&oacute;g Ojciec mi\u0142osierdzia, kt&oacute;ry pojedna\u0142 \u015bwiat za sob\u0105 przez \u015bmier\u0107 &nbsp;i zmartwychwstanie swojego Syna i zes\u0142a\u0142 Ducha \u015awi\u0119tego na odpuszczenie grzech&oacute;w, niech ci udzieli przebaczenia i pokoju przez pos\u0142ug\u0119 Ko\u015bcio\u0142a. I ja odpuszczam tobie grzechy w imi\u0119 Ojca i Syna i Ducha \u015awi\u0119tego&quot;<\/span><\/span><\/span>\n\t<\/li>\n<li>\n\t\t<span style=\"color:#000000;\"><span style=\"font-size:16px;\"><span style=\"font-family:georgia,serif;\">Penitent w tym&nbsp;czasie uderza si\u0119 w piersi i m&oacute;wi:<\/span><\/span><\/span>\n\t<\/li>\n<\/ul>\n<p>\n\t<span style=\"color:#000000;\"><span style=\"font-size:16px;\"><span style=\"font-family:georgia,serif;\">Bo\u017ce, b\u0105d\u017a mi\u0142o\u015bciw mnie grzesznemu 3x.<\/span><\/span><\/span>\n<\/p>\n<ul>\n<li>\n\t\t<span style=\"color:#000000;\"><span style=\"font-size:16px;\"><span style=\"font-family:georgia,serif;\">Kap\u0142an:&nbsp;Id\u017a w pokoju Chrystusa.<\/span><\/span><\/span>\n\t<\/li>\n<li>\n\t\t<span style=\"color:#000000;\"><span style=\"font-size:16px;\"><span style=\"font-family:georgia,serif;\">Penitent:&nbsp;Bogu niech b\u0119d\u0105 dzi\u0119ki.<\/span><\/span><\/span>\n\t<\/li>\n<li>\n\t\t<span style=\"color:#000000;\"><span style=\"font-size:16px;\"><span style=\"font-family:georgia,serif;\"><strong>Odpust<\/strong> jest to ca\u0142kowite lub cz\u0119\u015bciowe darowanie przez Boga kar doczesnych b\u0119d\u0105cych skutkiem grzech&oacute;w.<br \/>\n\t\t<strong>Aby zyska\u0107 odpust zupe\u0142ny trzeba spe\u0142ni\u0107 nast\u0119puj\u0105ce warunki:<\/strong><\/span><\/span><\/span>\n\t<\/li>\n<li>\n\t\t<span style=\"color:#000000;\"><span style=\"font-size:16px;\"><span style=\"font-family:georgia,serif;\">by\u0107 w stanie \u0142aski Bo\u017cej (u\u015bwi\u0119caj\u0105cej),<\/span><\/span><\/span>\n\t<\/li>\n<li>\n\t\t<span style=\"color:#000000;\"><span style=\"font-size:16px;\"><span style=\"font-family:georgia,serif;\">przyj\u0105\u0107 Komuni\u0119 \u015awi\u0119t\u0105,<\/span><\/span><\/span>\n\t<\/li>\n<li>\n\t\t<span style=\"color:#000000;\"><span style=\"font-size:16px;\"><span style=\"font-family:georgia,serif;\">pomodli\u0107 si\u0119 w intencji papie\u017ca, (jak\u0105 Ojciec \u015awi\u0119ty wyznacza na ka\u017cdy miesi\u0105c)<\/span><\/span><\/span>\n\t<\/li>\n<li>\n\t\t<span style=\"color:#000000;\"><span style=\"font-size:16px;\"><span style=\"font-family:georgia,serif;\">Odm&oacute;wi\u0107 &quot;Ojcze nasz&quot; i &quot;Zdrowa\u015b Maryjo&quot;,<\/span><\/span><\/span>\n\t<\/li>\n<li>\n\t\t<span style=\"color:#000000;\"><span style=\"font-size:16px;\"><span style=\"font-family:georgia,serif;\">wyzby\u0107 si\u0119 wszelkiego przywi\u0105zania do grzech&oacute;w.<\/span><\/span><\/span>\n\t<\/li>\n<\/ul>\n<p>\n\t&nbsp;\n<\/p>\n<p>\n\t<span style=\"color:#000000;\"><span style=\"font-size:16px;\"><span style=\"font-family:georgia,serif;\"><strong>Sakrament pokuty w naszej parafii jest sprawowany codziennie p&oacute;\u0142 godziny przed ka\u017cd\u0105 Msz\u0105 \u015awi\u0119t\u0105.<\/strong><\/span><\/span><\/span>\n<\/p>\n<p>\n\t&nbsp;\n<\/p>\n<p>\n\t<span style=\"font-size:16px;\"><span style=\"font-family:georgia,serif;\"><span style=\"color:#000000;\"><strong>Rachunek sumienia dla dzieci:<\/strong><\/span><br \/>\n\t<a href=\"http:\/\/adonai.pl\/sakramenty\/spowiedz\/?id=11\"><span style=\"color:#000000;\"><em>adonai.pl\/sakramenty\/spowiedz\/?id=11<\/em><\/span><\/a><\/span><\/span>\n<\/p>\n<p>\n\t<span style=\"font-size:16px;\"><span style=\"font-family:georgia,serif;\"><span style=\"color:#000000;\"><strong>Rachunek sumienia dla m\u0142odzie\u017cy: <\/strong><\/span><a href=\"http:\/\/www.rcs.org.pl\/poznan\/pl\/czytelnia\/rachunek_sumienia_dla_mlodziezy.html\"><span style=\"color:#000000;\"><em>http:\/\/www.rcs.org.pl\/poznan\/pl\/czytelnia\/rachunek_sumienia_dla_mlodziezy.html<\/em><\/span><\/a><\/span><\/span>\n<\/p>\n<p>\n\t<span style=\"font-size:16px;\"><span style=\"font-family:georgia,serif;\"><span style=\"color:#000000;\"><strong>Rachunek sumienia dla doros\u0142ych:<\/strong><\/span><br \/>\n\t<a href=\"https:\/\/dominikanie.pl\/2014\/04\/rachunek-sumienia-doroslych\"><span style=\"color:#000000;\"><em>https:\/\/dominikanie.pl\/2014\/04\/rachunek-sumienia-doroslych<\/em><\/span><\/a><\/span><\/span>\n<\/p>\n<p>\n\t<span style=\"font-size:16px;\"><span style=\"font-family:georgia,serif;\"><span style=\"color:#000000;\"><strong>Rachunek sumienia dla narzeczonych:<\/strong><\/span><br \/>\n\t<a href=\"http:\/\/www.sw-anna.pl\/wp-content\/uploads\/...\/Rachunek-Sumienia-dla-Narzeczonych.pdf\"><span style=\"color:#000000;\"><em>www.sw-anna.pl\/wp-content\/uploads\/&#8230;\/Rachunek-Sumienia-dla-Narzeczonych.pdf<\/em><\/span><\/a><\/span><\/span>\n<\/p>\n<p>\n\t<span style=\"color:#000000;\"><span style=\"font-size:16px;\"><span style=\"font-family:georgia,serif;\"><em>&nbsp;<\/em><\/span><\/span><\/span><\/p>\n","protected":false},"excerpt":{"rendered":"<p>SAKRAMENT &nbsp;POJEDNANIA &nbsp; Sakrament pojednania ustanowi\u0142 Pan Jezus w dniu zmartwychwstania, gdy stan\u0105\u0142 w\u015br&oacute;d Aposto\u0142&oacute;w w Wieczerniku, tchn\u0105\u0142 na nich i powiedzia\u0142: &quot;We\u017amijcie Ducha \u015awi\u0119tego! Kt&oacute;rym odpu\u015bcicie grzechy, s\u0105 im odpuszczone, a kt&oacute;rym zatrzymacie, s\u0105 im zatrzymane&quot;&nbsp;(J 20, 19-23). Spowied\u017a \u015bwi\u0119ta&nbsp;jest to wyznanie przed kap\u0142anem wszystkich grzech&oacute;w ci\u0119\u017ckich, kt&oacute;rych penitent jeszcze nie wyzna\u0142, a kt&oacute;re [&hellip;]<\/p>\n","protected":false},"author":1,"featured_media":0,"parent":24,"menu_order":2,"comment_status":"closed","ping_status":"closed","template":"","meta":{"ngg_post_thumbnail":0,"footnotes":""},"class_list":["post-30","page","type-page","status-publish","hentry"],"_links":{"self":[{"href":"https:\/\/parafia-ostrorog.pl\/index.php\/wp-json\/wp\/v2\/pages\/30","targetHints":{"allow":["GET"]}}],"collection":[{"href":"https:\/\/parafia-ostrorog.pl\/index.php\/wp-json\/wp\/v2\/pages"}],"about":[{"href":"https:\/\/parafia-ostrorog.pl\/index.php\/wp-json\/wp\/v2\/types\/page"}],"author":[{"embeddable":true,"href":"https:\/\/parafia-ostrorog.pl\/index.php\/wp-json\/wp\/v2\/users\/1"}],"replies":[{"embeddable":true,"href":"https:\/\/parafia-ostrorog.pl\/index.php\/wp-json\/wp\/v2\/comments?post=30"}],"version-history":[{"count":7,"href":"https:\/\/parafia-ostrorog.pl\/index.php\/wp-json\/wp\/v2\/pages\/30\/revisions"}],"predecessor-version":[{"id":1718,"href":"https:\/\/parafia-ostrorog.pl\/index.php\/wp-json\/wp\/v2\/pages\/30\/revisions\/1718"}],"up":[{"embeddable":true,"href":"https:\/\/parafia-ostrorog.pl\/index.php\/wp-json\/wp\/v2\/pages\/24"}],"wp:attachment":[{"href":"https:\/\/parafia-ostrorog.pl\/index.php\/wp-json\/wp\/v2\/media?parent=30"}],"curies":[{"name":"wp","href":"https:\/\/api.w.org\/{rel}","templated":true}]}}