{"id":36,"date":"2016-08-03T17:41:56","date_gmt":"2016-08-03T15:41:56","guid":{"rendered":"http:\/\/parafia-ostrorog.pl\/?page_id=36"},"modified":"2016-10-02T13:10:57","modified_gmt":"2016-10-02T11:10:57","slug":"kaplanstwo","status":"publish","type":"page","link":"https:\/\/parafia-ostrorog.pl\/index.php\/sakramenty\/kaplanstwo\/","title":{"rendered":"Kap\u0142a\u0144stwo"},"content":{"rendered":"<p style=\"text-align: center;\">\n\t<span style=\"color:#0000FF;\"><span style=\"font-size:18px;\"><span style=\"font-family:georgia,serif;\"><strong>SAKRAMENT KAP\u0141A\u0143STWA<\/strong><\/span><\/span><\/span>\n<\/p>\n<p style=\"text-align: center;\">\n\t&nbsp;\n<\/p>\n<ul>\n<li>\n\t\t<span style=\"color:#000000;\"><span style=\"font-size:16px;\"><span style=\"font-family:georgia,serif;\"><strong>Kap\u0142a\u0144stwo<\/strong> jest przekazywane przez sakrament \u015bwi\u0119ce\u0144, a zadaniem jego jest pe\u0142nienie s\u0142u\u017cby we wsp&oacute;lnocie, w imieniu i w osobie Chrystusa.<\/span><\/span><\/span>\n\t<\/li>\n<\/ul>\n<p>\n\t<span style=\"color:#000000;\"><span style=\"font-size:16px;\"><span style=\"font-family:georgia,serif;\">Mi\u0119dzy kap\u0142a\u0144stwem urz\u0119dowym, a kap\u0142a\u0144stwem wiernych r&oacute;\u017cnica jest istotna, poniewa\u017c kap\u0142a\u0144stwo urz\u0119dowe udziela \u015bwi\u0119tej w\u0142adzy, moc\u0105 kt&oacute;rej kap\u0142ani s\u0142u\u017c\u0105 Ludowi Bo\u017cemu przez nauczanie, sprawowanie kultu Bo\u017cego &nbsp;i duszpasterstwo. Kap\u0142a\u0144stwo powszechne natomiast uzdalnia i zobowi\u0105zuje wiernych do udzia\u0142u w kulcie Bo\u017cym.Sakramentu \u015bwi\u0119ce\u0144 udziela si\u0119 przez w\u0142o\u017cenie r\u0105k i uroczyst\u0105 modlitw\u0119 konsekracyjn\u0105. \u015awi\u0119cenia wyciskaj\u0105 na duszy niezatarty charakter sakramentalny, wskutek czego przyjmuje si\u0119 je tylko jeden raz.<br \/>\n\tOsoby zainteresowane powo\u0142aniem kap\u0142a\u0144skim mog\u0105 si\u0119 kontaktowa\u0107 &nbsp; z miejscowymi duszpasterzami.<\/span><\/span><\/span>\n<\/p>\n<p>\n\t&nbsp;\n<\/p>\n<ul>\n<li>\n\t\t<span style=\"color:#000000;\"><span style=\"font-size:16px;\"><span style=\"font-family:georgia,serif;\"><strong>Modlitwa za Kap\u0142an&oacute;w i o nowe powo\u0142ania kap\u0142a\u0144skie:<\/strong><\/span><\/span><\/span>\n\t<\/li>\n<\/ul>\n<p>\n\t<span style=\"color:#000000;\"><span style=\"font-size:16px;\"><span style=\"font-family:georgia,serif;\">LITANIA DO CHRYSTUSA KAP\u0141ANA I \u017bERTWY<\/span><\/span><\/span>\n<\/p>\n<p>\n\t<span style=\"font-size:16px;\"><span style=\"font-family:georgia,serif;\"><a href=\"http:\/\/mateusz.pl\/jpii\/ksiazkip\/ksiazki6.htm\"><span style=\"color:#000000;\">http:\/\/mateusz.pl\/jpii\/ksiazkip\/ksiazki6.htm<\/span><\/a><\/span><\/span>\n<\/p>\n<ul>\n<li>\n\t\t<span style=\"color:#000000;\"><span style=\"font-size:16px;\"><span style=\"font-family:georgia,serif;\"><strong>Wi\u0119cej informacji mo\u017cna uzyska\u0107 na stronie internetowej: <\/strong><\/span><\/span><\/span>\n\t<\/li>\n<li>\n\t\t<span style=\"color:#000000;\"><span style=\"font-size:16px;\"><span style=\"font-family:georgia,serif;\">Arcybiskupiego Seminarium Duchownego w Poznaniu:<\/span><\/span><\/span>\n\t<\/li>\n<li>\n\t\t<span style=\"font-size:16px;\"><span style=\"font-family:georgia,serif;\"><a href=\"http:\/\/asd.poznan.pl\/\"><span style=\"color:#000000;\">http:\/\/asd.poznan.pl\/<\/span><\/a><\/span><\/span>\n\t<\/li>\n<li>\n\t\t<span style=\"font-size:16px;\"><span style=\"font-family:georgia,serif;\"><span style=\"color:#000000;\">Archidiecezji Pozna\u0144skiej:<\/span><br \/>\n\t\t<a href=\"http:\/\/www.archpoznan.pl\/\"><span style=\"color:#000000;\">http:\/\/www.archpoznan.pl\/<\/span><\/a><\/span><\/span>\n\t<\/li>\n<\/ul>\n<p>\n\t&nbsp;\n<\/p>\n<p>\n\t&nbsp;\n<\/p>\n<p>\n\t<span style=\"font-size:16px;\"><span style=\"font-family:georgia,serif;\"><img loading=\"lazy\" decoding=\"async\" alt=\"kap\" class=\"size-medium wp-image-108 aligncenter\" height=\"222\" src=\"https:\/\/parafia-ostrorog.pl\/wp-content\/uploads\/2016\/08\/kap-300x222.jpg\" width=\"300\" srcset=\"https:\/\/parafia-ostrorog.pl\/wp-content\/uploads\/2016\/08\/kap-300x222.jpg 300w, https:\/\/parafia-ostrorog.pl\/wp-content\/uploads\/2016\/08\/kap-768x570.jpg 768w, https:\/\/parafia-ostrorog.pl\/wp-content\/uploads\/2016\/08\/kap-1024x759.jpg 1024w, https:\/\/parafia-ostrorog.pl\/wp-content\/uploads\/2016\/08\/kap.jpg 1134w\" sizes=\"auto, (max-width: 300px) 100vw, 300px\" \/><\/span><\/span><\/p>\n","protected":false},"excerpt":{"rendered":"<p>SAKRAMENT KAP\u0141A\u0143STWA &nbsp; Kap\u0142a\u0144stwo jest przekazywane przez sakrament \u015bwi\u0119ce\u0144, a zadaniem jego jest pe\u0142nienie s\u0142u\u017cby we wsp&oacute;lnocie, w imieniu i w osobie Chrystusa. Mi\u0119dzy kap\u0142a\u0144stwem urz\u0119dowym, a kap\u0142a\u0144stwem wiernych r&oacute;\u017cnica jest istotna, poniewa\u017c kap\u0142a\u0144stwo urz\u0119dowe udziela \u015bwi\u0119tej w\u0142adzy, moc\u0105 kt&oacute;rej kap\u0142ani s\u0142u\u017c\u0105 Ludowi Bo\u017cemu przez nauczanie, sprawowanie kultu Bo\u017cego &nbsp;i duszpasterstwo. Kap\u0142a\u0144stwo powszechne natomiast uzdalnia [&hellip;]<\/p>\n","protected":false},"author":1,"featured_media":0,"parent":24,"menu_order":5,"comment_status":"closed","ping_status":"closed","template":"","meta":{"ngg_post_thumbnail":0,"footnotes":""},"class_list":["post-36","page","type-page","status-publish","hentry"],"_links":{"self":[{"href":"https:\/\/parafia-ostrorog.pl\/index.php\/wp-json\/wp\/v2\/pages\/36","targetHints":{"allow":["GET"]}}],"collection":[{"href":"https:\/\/parafia-ostrorog.pl\/index.php\/wp-json\/wp\/v2\/pages"}],"about":[{"href":"https:\/\/parafia-ostrorog.pl\/index.php\/wp-json\/wp\/v2\/types\/page"}],"author":[{"embeddable":true,"href":"https:\/\/parafia-ostrorog.pl\/index.php\/wp-json\/wp\/v2\/users\/1"}],"replies":[{"embeddable":true,"href":"https:\/\/parafia-ostrorog.pl\/index.php\/wp-json\/wp\/v2\/comments?post=36"}],"version-history":[{"count":7,"href":"https:\/\/parafia-ostrorog.pl\/index.php\/wp-json\/wp\/v2\/pages\/36\/revisions"}],"predecessor-version":[{"id":1679,"href":"https:\/\/parafia-ostrorog.pl\/index.php\/wp-json\/wp\/v2\/pages\/36\/revisions\/1679"}],"up":[{"embeddable":true,"href":"https:\/\/parafia-ostrorog.pl\/index.php\/wp-json\/wp\/v2\/pages\/24"}],"wp:attachment":[{"href":"https:\/\/parafia-ostrorog.pl\/index.php\/wp-json\/wp\/v2\/media?parent=36"}],"curies":[{"name":"wp","href":"https:\/\/api.w.org\/{rel}","templated":true}]}}