{"id":46,"date":"2016-08-03T17:43:18","date_gmt":"2016-08-03T15:43:18","guid":{"rendered":"http:\/\/parafia-ostrorog.pl\/?page_id=46"},"modified":"2016-08-22T14:22:47","modified_gmt":"2016-08-22T12:22:47","slug":"dorosli","status":"publish","type":"page","link":"https:\/\/parafia-ostrorog.pl\/index.php\/grupy-duszpasterskie\/dorosli\/","title":{"rendered":"Doro\u015bli"},"content":{"rendered":"<h3>\n\t<span style=\"color:#000000;\">&nbsp;<\/span><br \/>\n<\/h3>\n<p style=\"text-align: center;\">\n\t<span style=\"color:#000000;\"><span style=\"font-size:20px;\"><u><span style=\"font-family:georgia,serif;\"><strong>&nbsp;RADA DUSZPASTERSKA<\/strong>&nbsp;&nbsp;<\/span><\/u><\/span><br \/>\n\t<span style=\"font-size:16px;\"><span style=\"font-family:georgia,serif;\">Rada, do kt&oacute;rej nale\u017ce\u0107 powinni&nbsp;ksi\u0119\u017ca&nbsp;pracuj\u0105cy w parafii, oraz&nbsp;\u015bwieccy. Rada duszpasterska jest wy\u0142\u0105cznie organem doradczym&nbsp;proboszcza, a jej zadaniem jest analiza dzia\u0142a\u0144&nbsp;pasterskich&nbsp;i definiowanie praktycznych wniosk&oacute;w. Istnienie rady duszpasterskiej nie jest wymuszone&nbsp;prawem kanonicznym, natomiast ich istnienie w parafiach&nbsp;diecezji&nbsp;zale\u017cne jest od decyzji&nbsp;biskupa diecezjalnego, kt&oacute;ry okre\u015bla r&oacute;wnie\u017c spos&oacute;b i zakres dzia\u0142ania rad.<\/span><\/span><\/span>\n<\/p>\n<p style=\"text-align: center;\">\n\t<span style=\"color:#000000;\"><u><span style=\"font-family:georgia,serif;\"><span style=\"font-size:20px;\"><strong>RADA EKONOMICZNA<\/strong><\/span><\/span><\/u><span style=\"font-family:georgia,serif;\"><span style=\"font-size:16px;\"><u><strong> &nbsp;<\/strong><\/u><br \/>\n\tRada, kt&oacute;ra na podstawie prawa kanonicznego (kan. 537) powinna istnie\u0107 w ka\u017cdej parafii. Jej g\u0142&oacute;wnym zadaniem jest pomoc proboszczowi w administrowaniu&nbsp;dobrami materialnymi&nbsp;parafii w oparciu o&nbsp;prawo&nbsp;powszechne i&nbsp;dekrety biskupa. Rada ekonomiczna parafii nie jest jednak&nbsp;osob\u0105 prawn\u0105&nbsp;i nie ma prawa reprezentowania parafii wobec czynno\u015bci prawnych, chyba \u017ce inne s\u0105 postanowienia biskupa. Zarz\u0105dc\u0105 i reprezentantem prawnym maj\u0105tku parafii jest proboszcz, kt&oacute;ry nie ponosi odpowiedzialno\u015bci za niewa\u017cnie podj\u0119te czynno\u015bci prawne, z wyj\u0105tkiem tych, z kt&oacute;rych sam poni&oacute;s\u0142 korzy\u015b\u0107. Rada ekonomiczna powinna sk\u0142ada\u0107 si\u0119 przynajmniej z dw&oacute;ch doradc&oacute;w, kt&oacute;rzy zgodnie z przyj\u0119tym zwyczajem, nie powinni by\u0107 zale\u017cni finansowo od proboszcza (np.&nbsp;wikariusze,&nbsp;katecheci, ko\u015bcielni). Raz w roku rada ekonomiczna powinna sk\u0142ada\u0107 sprawozdanie finansowe&nbsp;z&nbsp;przychod&oacute;w&nbsp;i poniesionych&nbsp;koszt&oacute;w. Spos&oacute;b sk\u0142adania sprawozdania okre\u015bla biskup.<\/span><\/span><\/span><br \/>\n\t&nbsp;\n<\/p>\n<p style=\"text-align: center;\">\n\t<span style=\"color:#000000;\"><u><span style=\"font-family:georgia,serif;\"><span style=\"font-size:20px;\"><strong>AKCJA KATOLICKA<\/strong>&nbsp;<\/span><\/span><\/u><br \/>\n\tJ<span style=\"font-family:georgia,serif;\"><span style=\"font-size:16px;\">est stowarzyszeniem skupiaj\u0105cym katolik&oacute;w aktywnych, zaanga\u017cowanych w \u017cycie swojej parafii i pragn\u0105cych pog\u0142\u0119bia\u0107 swoj\u0105 wiar\u0119 i wiedz\u0119 religijn\u0105, oraz wsp&oacute;\u0142pracuj\u0105c z proboszczem wsp&oacute;\u0142tworzy\u0107 rzeczywisto\u015b\u0107 swojej parafii. Akcja Katolicka daje mo\u017cliwo\u015b\u0107 poznania ciekawych i znanych ludzi poprzez spotkania Diecezjalnych Instytut&oacute;w AK.<\/span><\/span><\/span>\n<\/p>\n<p style=\"text-align: center;\">\n\t&nbsp;\n<\/p>\n<p style=\"text-align: center;\">\n\t<img loading=\"lazy\" decoding=\"async\" alt=\"AK\" class=\"alignnone size-medium wp-image-1531\" height=\"300\" src=\"https:\/\/parafia-ostrorog.pl\/wp-content\/uploads\/2016\/08\/AK-222x300.jpg\" width=\"222\" srcset=\"https:\/\/parafia-ostrorog.pl\/wp-content\/uploads\/2016\/08\/AK-222x300.jpg 222w, https:\/\/parafia-ostrorog.pl\/wp-content\/uploads\/2016\/08\/AK-768x1036.jpg 768w, https:\/\/parafia-ostrorog.pl\/wp-content\/uploads\/2016\/08\/AK-759x1024.jpg 759w, https:\/\/parafia-ostrorog.pl\/wp-content\/uploads\/2016\/08\/AK.jpg 1214w\" sizes=\"auto, (max-width: 222px) 100vw, 222px\" \/>\n<\/p>\n<p style=\"text-align: center;\">\n\t&nbsp;\n<\/p>\n<p style=\"text-align: center;\">\n\t<span style=\"color:#000000;\"><span style=\"font-size:20px;\"><span style=\"font-family:georgia,serif;\"><strong><u>PARAFIALNE ZESPO\u0141Y CARITAS<\/u>&nbsp;<\/strong><\/span><\/span><br \/>\n\t<span style=\"font-size:16px;\"><span style=\"font-family:georgia,serif;\">S\u0142u\u017c\u0105 ludziom potrzebuj\u0105cym poprzez rozdzielanie \u017cywno\u015bci obj\u0119tej programem PEAD, a tak\u017ce zbieranej w parafiach, gromadz\u0105 i rozdzielaj\u0105 odzie\u017c, organizuj\u0105 wakacje letnie dla dzieci, prowadz\u0105 \u015bwietlice, Kluby Seniora, odwiedzaj\u0105 ludzi chorych w parafii, organizuj\u0105 \u015awiatowy Dzie\u0144 Chorego, przygotowuj\u0105 paczki \u015bwi\u0105teczne dla ubogich parafian i rodzin wielodzietnych. A przede wszystkim swoj\u0105 postaw\u0105 i zaanga\u017cowaniem budz\u0105 odpowiedzialno\u015b\u0107 za losy i \u017cycie ludzi b\u0119d\u0105cych w potrzebie.<\/span><\/span><\/span>\n<\/p>\n<p style=\"text-align: center;\">\n\t<img loading=\"lazy\" decoding=\"async\" alt=\"caritas\" class=\"alignnone size-medium wp-image-1533\" height=\"300\" src=\"https:\/\/parafia-ostrorog.pl\/wp-content\/uploads\/2016\/08\/caritas-250x300.jpg\" width=\"250\" srcset=\"https:\/\/parafia-ostrorog.pl\/wp-content\/uploads\/2016\/08\/caritas-250x300.jpg 250w, https:\/\/parafia-ostrorog.pl\/wp-content\/uploads\/2016\/08\/caritas.jpg 666w\" sizes=\"auto, (max-width: 250px) 100vw, 250px\" \/>\n<\/p>\n<p style=\"text-align: center;\">\n\t&nbsp;\n<\/p>\n<p style=\"text-align: center;\">\n\t<span style=\"color:#000000;\"><span style=\"font-size:20px;\"><strong><u>&nbsp;<\/u><span style=\"font-family:georgia,serif;\"><u>\u017bYWY R&Oacute;\u017bANIEC KOBIET, M\u0118\u017bCZYZN<\/u> <\/span><\/strong><\/span><br \/>\n\t<span style=\"font-family:georgia,serif;\"><span style=\"font-size:16px;\">Uczestnictwo w \u017bywym R&oacute;\u017ca\u0144cu polega na przynale\u017cno\u015bci do grupy zwanej r&oacute;\u017c\u0105. Ka\u017cda osoba z r&oacute;\u017cy przez miesi\u0105c odmawia jedn\u0105 z tajemnic r&oacute;\u017ca\u0144cowych. Pierwotnie r&oacute;\u017ca liczy\u0142a 15 os&oacute;b, obecnie za\u015b &ndash; po modyfikacji R&oacute;\u017ca\u0144ca&nbsp;przez&nbsp;Jana Paw\u0142a II&nbsp;&ndash; 20 os&oacute;b.<\/span><\/span><\/span>\n<\/p>\n<p style=\"text-align: center;\">\n\t<img loading=\"lazy\" decoding=\"async\" alt=\"r+-+-aniec\" class=\"alignnone size-medium wp-image-1534\" height=\"156\" src=\"https:\/\/parafia-ostrorog.pl\/wp-content\/uploads\/2016\/08\/r-aniec-300x156.jpg\" width=\"300\" srcset=\"https:\/\/parafia-ostrorog.pl\/wp-content\/uploads\/2016\/08\/r-aniec-300x156.jpg 300w, https:\/\/parafia-ostrorog.pl\/wp-content\/uploads\/2016\/08\/r-aniec-768x399.jpg 768w, https:\/\/parafia-ostrorog.pl\/wp-content\/uploads\/2016\/08\/r-aniec-1024x532.jpg 1024w\" sizes=\"auto, (max-width: 300px) 100vw, 300px\" \/><\/p>\n","protected":false},"excerpt":{"rendered":"<p>&nbsp; &nbsp;RADA DUSZPASTERSKA&nbsp;&nbsp; Rada, do kt&oacute;rej nale\u017ce\u0107 powinni&nbsp;ksi\u0119\u017ca&nbsp;pracuj\u0105cy w parafii, oraz&nbsp;\u015bwieccy. Rada duszpasterska jest wy\u0142\u0105cznie organem doradczym&nbsp;proboszcza, a jej zadaniem jest analiza dzia\u0142a\u0144&nbsp;pasterskich&nbsp;i definiowanie praktycznych wniosk&oacute;w. Istnienie rady duszpasterskiej nie jest wymuszone&nbsp;prawem kanonicznym, natomiast ich istnienie w parafiach&nbsp;diecezji&nbsp;zale\u017cne jest od decyzji&nbsp;biskupa diecezjalnego, kt&oacute;ry okre\u015bla r&oacute;wnie\u017c spos&oacute;b i zakres dzia\u0142ania rad. RADA EKONOMICZNA &nbsp; Rada, kt&oacute;ra [&hellip;]<\/p>\n","protected":false},"author":1,"featured_media":0,"parent":40,"menu_order":0,"comment_status":"closed","ping_status":"closed","template":"","meta":{"ngg_post_thumbnail":0,"footnotes":""},"class_list":["post-46","page","type-page","status-publish","hentry"],"_links":{"self":[{"href":"https:\/\/parafia-ostrorog.pl\/index.php\/wp-json\/wp\/v2\/pages\/46","targetHints":{"allow":["GET"]}}],"collection":[{"href":"https:\/\/parafia-ostrorog.pl\/index.php\/wp-json\/wp\/v2\/pages"}],"about":[{"href":"https:\/\/parafia-ostrorog.pl\/index.php\/wp-json\/wp\/v2\/types\/page"}],"author":[{"embeddable":true,"href":"https:\/\/parafia-ostrorog.pl\/index.php\/wp-json\/wp\/v2\/users\/1"}],"replies":[{"embeddable":true,"href":"https:\/\/parafia-ostrorog.pl\/index.php\/wp-json\/wp\/v2\/comments?post=46"}],"version-history":[{"count":8,"href":"https:\/\/parafia-ostrorog.pl\/index.php\/wp-json\/wp\/v2\/pages\/46\/revisions"}],"predecessor-version":[{"id":1535,"href":"https:\/\/parafia-ostrorog.pl\/index.php\/wp-json\/wp\/v2\/pages\/46\/revisions\/1535"}],"up":[{"embeddable":true,"href":"https:\/\/parafia-ostrorog.pl\/index.php\/wp-json\/wp\/v2\/pages\/40"}],"wp:attachment":[{"href":"https:\/\/parafia-ostrorog.pl\/index.php\/wp-json\/wp\/v2\/media?parent=46"}],"curies":[{"name":"wp","href":"https:\/\/api.w.org\/{rel}","templated":true}]}}