{"id":50,"date":"2016-08-03T17:43:51","date_gmt":"2016-08-03T15:43:51","guid":{"rendered":"http:\/\/parafia-ostrorog.pl\/?page_id=50"},"modified":"2020-12-02T20:44:40","modified_gmt":"2020-12-02T19:44:40","slug":"kontakt","status":"publish","type":"page","link":"https:\/\/parafia-ostrorog.pl\/index.php\/kontakt\/","title":{"rendered":"Kontakt"},"content":{"rendered":"<p style=\"text-align: center;\"><img loading=\"lazy\" decoding=\"async\" class=\"alignnone size-large wp-image-1493\" src=\"https:\/\/parafia-ostrorog.pl\/wp-content\/uploads\/2016\/08\/14060127_1196644657023582_1330410966_o-1024x768.jpg\" alt=\"14060127_1196644657023582_1330410966_o\" width=\"1024\" height=\"768\" srcset=\"https:\/\/parafia-ostrorog.pl\/wp-content\/uploads\/2016\/08\/14060127_1196644657023582_1330410966_o-1024x768.jpg 1024w, https:\/\/parafia-ostrorog.pl\/wp-content\/uploads\/2016\/08\/14060127_1196644657023582_1330410966_o-300x225.jpg 300w, https:\/\/parafia-ostrorog.pl\/wp-content\/uploads\/2016\/08\/14060127_1196644657023582_1330410966_o-768x576.jpg 768w, https:\/\/parafia-ostrorog.pl\/wp-content\/uploads\/2016\/08\/14060127_1196644657023582_1330410966_o.jpg 1216w\" sizes=\"auto, (max-width: 1024px) 100vw, 1024px\" \/><\/p>\n<p style=\"text-align: center;\">&nbsp;<\/p>\n<p style=\"text-align: center;\"><span style=\"color: #000000;\"><span style=\"font-family: trebuchet ms,helvetica,sans-serif;\"><span style=\"font-size: 18px;\"><strong>PARAFIA POD WEZWANIEM WNIEBOWZI\u0118CIA<br \/>\nNAJ\u015aWI\u0118TSZEJ MARYI PANNY<br \/>\n&nbsp;W OSTROROGU<\/strong><\/span><\/span><\/span><\/p>\n<p style=\"text-align: center;\"><span style=\"color: #000000;\"><span style=\"font-family: trebuchet ms,helvetica,sans-serif;\"><span style=\"font-size: 18px;\">ul.Ko\u015bcielna 6<br \/>\n64-560 Ostror\u00f3g<br \/>\ntel: 61 29 16 964<\/span><\/span><\/span><\/p>\n<p style=\"text-align: center;\"><strong>e-mail:<\/strong> <span style=\"font-size: 18px;\"><a href=\"mailto:ostrorog@archpoznan.pl\">ostrorog@archpoznan.pl<\/a><\/span><\/p>\n<p style=\"text-align: center;\"><span style=\"font-size: 18px;\"><em>&nbsp;<\/em><\/span><\/p>\n","protected":false},"excerpt":{"rendered":"<p>&nbsp; PARAFIA POD WEZWANIEM WNIEBOWZI\u0118CIA NAJ\u015aWI\u0118TSZEJ MARYI PANNY &nbsp;W OSTROROGU ul.Ko\u015bcielna 6 64-560 Ostror\u00f3g tel: 61 29 16 964 e-mail: ostrorog@archpoznan.pl &nbsp;<\/p>\n","protected":false},"author":1,"featured_media":153,"parent":0,"menu_order":5,"comment_status":"closed","ping_status":"closed","template":"","meta":{"ngg_post_thumbnail":0,"footnotes":""},"class_list":["post-50","page","type-page","status-publish","has-post-thumbnail","hentry"],"_links":{"self":[{"href":"https:\/\/parafia-ostrorog.pl\/index.php\/wp-json\/wp\/v2\/pages\/50","targetHints":{"allow":["GET"]}}],"collection":[{"href":"https:\/\/parafia-ostrorog.pl\/index.php\/wp-json\/wp\/v2\/pages"}],"about":[{"href":"https:\/\/parafia-ostrorog.pl\/index.php\/wp-json\/wp\/v2\/types\/page"}],"author":[{"embeddable":true,"href":"https:\/\/parafia-ostrorog.pl\/index.php\/wp-json\/wp\/v2\/users\/1"}],"replies":[{"embeddable":true,"href":"https:\/\/parafia-ostrorog.pl\/index.php\/wp-json\/wp\/v2\/comments?post=50"}],"version-history":[{"count":12,"href":"https:\/\/parafia-ostrorog.pl\/index.php\/wp-json\/wp\/v2\/pages\/50\/revisions"}],"predecessor-version":[{"id":13458,"href":"https:\/\/parafia-ostrorog.pl\/index.php\/wp-json\/wp\/v2\/pages\/50\/revisions\/13458"}],"wp:featuredmedia":[{"embeddable":true,"href":"https:\/\/parafia-ostrorog.pl\/index.php\/wp-json\/wp\/v2\/media\/153"}],"wp:attachment":[{"href":"https:\/\/parafia-ostrorog.pl\/index.php\/wp-json\/wp\/v2\/media?parent=50"}],"curies":[{"name":"wp","href":"https:\/\/api.w.org\/{rel}","templated":true}]}}